{"id":462,"date":"2018-03-30T03:13:43","date_gmt":"2018-03-30T03:13:43","guid":{"rendered":"https:\/\/customifysites.com\/consulting\/?page_id=6"},"modified":"2021-05-03T19:46:07","modified_gmt":"2021-05-03T19:46:07","slug":"about","status":"publish","type":"page","link":"https:\/\/ellakconnectionsllc.com\/es\/about\/","title":{"rendered":"La compa\u00f1ia"},"content":{"rendered":"<div data-elementor-type=\"wp-post\" data-elementor-id=\"462\" class=\"elementor elementor-462\" data-elementor-settings=\"[]\">\n\t\t\t\t\t\t\t<div class=\"elementor-section-wrap\">\n\t\t\t\t\t\t\t<section class=\"elementor-section elementor-top-section elementor-element elementor-element-665cd7e elementor-section-full_width elementor-section-height-min-height elementor-section-stretched elementor-section-content-bottom elementor-section-height-default elementor-section-items-middle\" data-id=\"665cd7e\" data-element_type=\"section\" data-settings=\"{&quot;stretch_section&quot;:&quot;section-stretched&quot;,&quot;background_background&quot;:&quot;classic&quot;}\">\n\t\t\t\t\t\t<div class=\"elementor-container elementor-column-gap-no\">\n\t\t\t\t\t<div class=\"elementor-column elementor-col-100 elementor-top-column elementor-element elementor-element-788ddce\" data-id=\"788ddce\" data-element_type=\"column\">\n\t\t\t<div class=\"elementor-widget-wrap elementor-element-populated\">\n\t\t\t\t\t\t\t\t<div class=\"elementor-element elementor-element-9a9e3d0 elementor-widget elementor-widget-heading\" data-id=\"9a9e3d0\" data-element_type=\"widget\" data-widget_type=\"heading.default\">\n\t\t\t\t<div class=\"elementor-widget-container\">\n\t\t\t<h2 class=\"elementor-heading-title elementor-size-default\">Acerca de Ellak Connections<\/h2>\t\t<\/div>\n\t\t\t\t<\/div>\n\t\t\t\t\t<\/div>\n\t\t<\/div>\n\t\t\t\t\t\t\t<\/div>\n\t\t<\/section>\n\t\t\t\t<section class=\"elementor-section elementor-top-section elementor-element elementor-element-5d176f6 elementor-section-boxed elementor-section-height-default elementor-section-height-default\" data-id=\"5d176f6\" data-element_type=\"section\">\n\t\t\t\t\t\t<div class=\"elementor-container elementor-column-gap-default\">\n\t\t\t\t\t<div class=\"elementor-column elementor-col-50 elementor-top-column elementor-element elementor-element-d4ff5da\" data-id=\"d4ff5da\" data-element_type=\"column\">\n\t\t\t<div class=\"elementor-widget-wrap elementor-element-populated\">\n\t\t\t\t\t\t\t\t<div class=\"elementor-element elementor-element-d432872 elementor-widget elementor-widget-heading\" data-id=\"d432872\" data-element_type=\"widget\" data-widget_type=\"heading.default\">\n\t\t\t\t<div class=\"elementor-widget-container\">\n\t\t\t<h4 class=\"elementor-heading-title elementor-size-default\">ACERCA DE LA COMPANIA<\/h4>\t\t<\/div>\n\t\t\t\t<\/div>\n\t\t\t\t<div class=\"elementor-element elementor-element-ea4a0d5 elementor-widget elementor-widget-text-editor\" data-id=\"ea4a0d5\" data-element_type=\"widget\" data-widget_type=\"text-editor.default\">\n\t\t\t\t<div class=\"elementor-widget-container\">\n\t\t\t\t\t<div class=\"elementor-text-editor elementor-clearfix\"><p class=\"MsoNormal\"><span lang=\"EN-US\">Ellak Connections LLC es el resultado de muchos a\u00f1os de esfuerzo y dedicaci\u00f3n en materia de interpretaci\u00f3n y traducci\u00f3n.<\/span><\/p>\n<p class=\"MsoNormal\"><span lang=\"EN-US\">Ella se esfuerza constantemente por ofrecer un servicio de calidad, proporcionando una comunicaci\u00f3n fiable y precisa.<\/span><\/p>\n<p class=\"MsoNormal\"><span lang=\"EN-US\">Naci\u00f3 en Caracas, Venezuela, y emigr\u00f3 al Reino Unido en 2003. Su conocimiento cultural de Am\u00e9rica Latina, y sus a\u00f1os viviendo en el Reino Unido y los Estados Unidos de Am\u00e9rica la hacen culturalmente competente para conectar ambas culturas.<\/span><\/p>\n<p class=\"MsoNormal\"><span lang=\"EN-US\">Actualmente residenciada en Dallas, Texas, Morella se ha especializado en interpretaci\u00f3n y traducci\u00f3n m\u00e9dica, siendo los temas de salud mental su gran pasi\u00f3n.<\/span><\/p>\n<p>Ser\u00e1 un placer ayudarle en sus necesidades de comunicaci\u00f3n.<\/p><\/div>\n\t\t\t\t<\/div>\n\t\t\t\t<\/div>\n\t\t\t\t\t<\/div>\n\t\t<\/div>\n\t\t\t\t<div class=\"elementor-column elementor-col-50 elementor-top-column elementor-element elementor-element-f67e96b\" data-id=\"f67e96b\" data-element_type=\"column\">\n\t\t\t<div class=\"elementor-widget-wrap elementor-element-populated\">\n\t\t\t\t\t\t\t\t<div class=\"elementor-element elementor-element-9e415d2 elementor-widget elementor-widget-heading\" data-id=\"9e415d2\" data-element_type=\"widget\" data-widget_type=\"heading.default\">\n\t\t\t\t<div class=\"elementor-widget-container\">\n\t\t\t<h4 class=\"elementor-heading-title elementor-size-default\">\u00bfQu\u00e9 hacemos?<\/h4>\t\t<\/div>\n\t\t\t\t<\/div>\n\t\t\t\t<div class=\"elementor-element elementor-element-9955e81 elementor-widget elementor-widget-text-editor\" data-id=\"9955e81\" data-element_type=\"widget\" data-widget_type=\"text-editor.default\">\n\t\t\t\t<div class=\"elementor-widget-container\">\n\t\t\t\t\t<div class=\"elementor-text-editor elementor-clearfix\"><p><span lang=\"EN-US\">Ofrecemos interpretaci\u00f3n consecutiva, simult\u00e1nea y a la vista. Adem\u00e1s, podemos ayudarle con la traducci\u00f3n de documentos y v\u00eddeos.<\/span><\/p><\/div>\n\t\t\t\t<\/div>\n\t\t\t\t<\/div>\n\t\t\t\t<div class=\"elementor-element elementor-element-999cde2 elementor-widget elementor-widget-toggle\" data-id=\"999cde2\" data-element_type=\"widget\" data-widget_type=\"toggle.default\">\n\t\t\t\t<div class=\"elementor-widget-container\">\n\t\t\t\t\t<div class=\"elementor-toggle\" role=\"tablist\">\n\t\t\t\t\t\t\t<div class=\"elementor-toggle-item\">\n\t\t\t\t\t<div id=\"elementor-tab-title-1611\" class=\"elementor-tab-title\" data-tab=\"1\" role=\"tab\" aria-controls=\"elementor-tab-content-1611\" aria-expanded=\"false\">\n\t\t\t\t\t\t\t\t\t\t\t\t<span class=\"elementor-toggle-icon elementor-toggle-icon-left\" aria-hidden=\"true\">\n\t\t\t\t\t\t\t\t\t\t\t\t\t\t\t<span class=\"elementor-toggle-icon-closed\"><i class=\"fas fa-caret-right\"><\/i><\/span>\n\t\t\t\t\t\t\t\t<span class=\"elementor-toggle-icon-opened\"><i class=\"elementor-toggle-icon-opened fas fa-caret-up\"><\/i><\/span>\n\t\t\t\t\t\t\t\t\t\t\t\t\t<\/span>\n\t\t\t\t\t\t\t\t\t\t\t\t<a href=\"\" class=\"elementor-toggle-title\">Interpretaci\u00f3n Consecutiva<\/a>\n\t\t\t\t\t<\/div>\n\t\t\t\t\t<div id=\"elementor-tab-content-1611\" class=\"elementor-tab-content elementor-clearfix\" data-tab=\"1\" role=\"tabpanel\" aria-labelledby=\"elementor-tab-title-1611\"><p>Durante la interpretaci\u00f3n consecutiva, el int\u00e9rprete profesional transmite el mensaje despu\u00e9s de que el orador hace una pausa.  El tiempo necesario para una reuni\u00f3n con interpretaci\u00f3n consecutiva es mucho mayor (a veces casi el doble de tiempo).  Es muy importante que el int\u00e9rprete siga los protocolos de interpretaci\u00f3n en caso de duda, que tome notas mientras escucha a ambas partes hablar y que se siente entre el cliente y el proveedor sin bloquear el contacto visual entre ellos.\u00a0<\/p><p>Un buen int\u00e9rprete se vuelve invisible en una reuni\u00f3n y ayuda a desarrollar una relaci\u00f3n entre ambos clientes.<\/p><\/div>\n\t\t\t\t<\/div>\n\t\t\t\t\t\t\t<div class=\"elementor-toggle-item\">\n\t\t\t\t\t<div id=\"elementor-tab-title-1612\" class=\"elementor-tab-title\" data-tab=\"2\" role=\"tab\" aria-controls=\"elementor-tab-content-1612\" aria-expanded=\"false\">\n\t\t\t\t\t\t\t\t\t\t\t\t<span class=\"elementor-toggle-icon elementor-toggle-icon-left\" aria-hidden=\"true\">\n\t\t\t\t\t\t\t\t\t\t\t\t\t\t\t<span class=\"elementor-toggle-icon-closed\"><i class=\"fas fa-caret-right\"><\/i><\/span>\n\t\t\t\t\t\t\t\t<span class=\"elementor-toggle-icon-opened\"><i class=\"elementor-toggle-icon-opened fas fa-caret-up\"><\/i><\/span>\n\t\t\t\t\t\t\t\t\t\t\t\t\t<\/span>\n\t\t\t\t\t\t\t\t\t\t\t\t<a href=\"\" class=\"elementor-toggle-title\">Interpretaci\u00f3n Simult\u00e1nea <\/a>\n\t\t\t\t\t<\/div>\n\t\t\t\t\t<div id=\"elementor-tab-content-1612\" class=\"elementor-tab-content elementor-clearfix\" data-tab=\"2\" role=\"tabpanel\" aria-labelledby=\"elementor-tab-title-1612\"><p>La interpretaci\u00f3n simult\u00e1nea es el tipo de interpretaci\u00f3n en el que el int\u00e9rprete escucha a la vez que interpreta el mensaje a la segunda lengua. Este tipo de interpretaci\u00f3n requiere pr\u00e1ctica y un profundo conocimiento en el \u00e1rea que se est\u00e1 interpretando.\u00a0 Este tipo de interpretaci\u00f3n permite el flujo natural del mensaje.<\/p><\/div>\n\t\t\t\t<\/div>\n\t\t\t\t\t\t\t<div class=\"elementor-toggle-item\">\n\t\t\t\t\t<div id=\"elementor-tab-title-1613\" class=\"elementor-tab-title\" data-tab=\"3\" role=\"tab\" aria-controls=\"elementor-tab-content-1613\" aria-expanded=\"false\">\n\t\t\t\t\t\t\t\t\t\t\t\t<span class=\"elementor-toggle-icon elementor-toggle-icon-left\" aria-hidden=\"true\">\n\t\t\t\t\t\t\t\t\t\t\t\t\t\t\t<span class=\"elementor-toggle-icon-closed\"><i class=\"fas fa-caret-right\"><\/i><\/span>\n\t\t\t\t\t\t\t\t<span class=\"elementor-toggle-icon-opened\"><i class=\"elementor-toggle-icon-opened fas fa-caret-up\"><\/i><\/span>\n\t\t\t\t\t\t\t\t\t\t\t\t\t<\/span>\n\t\t\t\t\t\t\t\t\t\t\t\t<a href=\"\" class=\"elementor-toggle-title\">Interpretaci\u00f3n a Primera Vista<\/a>\n\t\t\t\t\t<\/div>\n\t\t\t\t\t<div id=\"elementor-tab-content-1613\" class=\"elementor-tab-content elementor-clearfix\" data-tab=\"3\" role=\"tabpanel\" aria-labelledby=\"elementor-tab-title-1613\"><p>La traducci\u00f3n a primera vista se refiere al proceso de leer un documento o un escrito en el idioma original y traducirlo en voz alta en el idioma de destino. Es una opci\u00f3n para las empresas u otros profesionales recibir o transmitir el significado de ciertos escritos con poca antelaci\u00f3n.<\/p><\/div>\n\t\t\t\t<\/div>\n\t\t\t\t\t<\/div>\n\t\t\t\t<\/div>\n\t\t\t\t<\/div>\n\t\t\t\t\t<\/div>\n\t\t<\/div>\n\t\t\t\t\t\t\t<\/div>\n\t\t<\/section>\n\t\t\t\t<section class=\"elementor-section elementor-top-section elementor-element elementor-element-2439153 elementor-section-full_width elementor-section-height-min-height elementor-section-stretched elementor-section-height-default elementor-section-items-middle\" data-id=\"2439153\" data-element_type=\"section\" data-settings=\"{&quot;stretch_section&quot;:&quot;section-stretched&quot;,&quot;background_background&quot;:&quot;classic&quot;}\">\n\t\t\t\t\t\t<div class=\"elementor-container elementor-column-gap-no\">\n\t\t\t\t\t<div class=\"elementor-column elementor-col-100 elementor-top-column elementor-element elementor-element-7f658c4\" data-id=\"7f658c4\" data-element_type=\"column\">\n\t\t\t<div class=\"elementor-widget-wrap elementor-element-populated\">\n\t\t\t\t\t\t\t\t<div class=\"elementor-element elementor-element-17bb6e9 elementor-widget elementor-widget-heading\" data-id=\"17bb6e9\" data-element_type=\"widget\" data-widget_type=\"heading.default\">\n\t\t\t\t<div class=\"elementor-widget-container\">\n\t\t\t<h4 class=\"elementor-heading-title elementor-size-default\">Ofrecemos interpretaciones y traducciones ad honorem para quienes las necesiten <\/h4>\t\t<\/div>\n\t\t\t\t<\/div>\n\t\t\t\t\t<\/div>\n\t\t<\/div>\n\t\t\t\t\t\t\t<\/div>\n\t\t<\/section>\n\t\t\t\t<section class=\"elementor-section elementor-top-section elementor-element elementor-element-d05302f elementor-section-boxed elementor-section-height-default elementor-section-height-default\" data-id=\"d05302f\" data-element_type=\"section\">\n\t\t\t\t\t\t<div class=\"elementor-container elementor-column-gap-default\">\n\t\t\t\t\t<div class=\"elementor-column elementor-col-50 elementor-top-column elementor-element elementor-element-b92d319\" data-id=\"b92d319\" data-element_type=\"column\">\n\t\t\t<div class=\"elementor-widget-wrap elementor-element-populated\">\n\t\t\t\t\t\t\t\t<div class=\"elementor-element elementor-element-07e4060 elementor-widget elementor-widget-image\" data-id=\"07e4060\" data-element_type=\"widget\" data-widget_type=\"image.default\">\n\t\t\t\t<div class=\"elementor-widget-container\">\n\t\t\t\t\t<div class=\"elementor-image\">\n\t\t\t\t\t\t\t\t\t\t<img decoding=\"async\" width=\"200\" height=\"200\" src=\"https:\/\/ellakconnectionsllc.com\/wp-content\/uploads\/2021\/04\/1595607850232.jpg\" class=\"attachment-large size-large\" alt=\"\" srcset=\"https:\/\/ellakconnectionsllc.com\/wp-content\/uploads\/2021\/04\/1595607850232.jpg 200w, https:\/\/ellakconnectionsllc.com\/wp-content\/uploads\/2021\/04\/1595607850232-150x150.jpg 150w\" sizes=\"(max-width: 200px) 100vw, 200px\" \/>\t\t\t\t\t\t\t\t\t\t\t<\/div>\n\t\t\t\t<\/div>\n\t\t\t\t<\/div>\n\t\t\t\t\t<\/div>\n\t\t<\/div>\n\t\t\t\t<div class=\"elementor-column elementor-col-50 elementor-top-column elementor-element elementor-element-013672d\" data-id=\"013672d\" data-element_type=\"column\">\n\t\t\t<div class=\"elementor-widget-wrap elementor-element-populated\">\n\t\t\t\t\t\t\t\t<div class=\"elementor-element elementor-element-d555764 elementor-widget elementor-widget-heading\" data-id=\"d555764\" data-element_type=\"widget\" data-widget_type=\"heading.default\">\n\t\t\t\t<div class=\"elementor-widget-container\">\n\t\t\t<h3 class=\"elementor-heading-title elementor-size-default\">Bienvenidos!<\/h3>\t\t<\/div>\n\t\t\t\t<\/div>\n\t\t\t\t<div class=\"elementor-element elementor-element-465264c elementor-widget elementor-widget-text-editor\" data-id=\"465264c\" data-element_type=\"widget\" data-widget_type=\"text-editor.default\">\n\t\t\t\t<div class=\"elementor-widget-container\">\n\t\t\t\t\t<div class=\"elementor-text-editor elementor-clearfix\"><p class=\" translation-block\">Graduada como abogada, traductora e int\u00e9rprete en Caracas, Venezuela, Morella es una experimentada int\u00e9rprete y traductora del espa\u00f1ol al ingl\u00e9s con m\u00e1s de veinte a\u00f1os de trabajo en este campo.<\/p><p>Recientemente se ha graduado como int\u00e9rprete m\u00e9dico en la reconocida academia MiTio de Estados Unidos.<\/p><p>Durante los \u00faltimos cuatro a\u00f1os trabajando como empleada de Garland ISD, obtuvo un gran conocimiento en el \u00e1rea de Educaci\u00f3n Especial (Salud Mental) trabajando en diferentes roles, lo que la convierte en una destacada int\u00e9rprete para este tipo de trabajo.<\/p><\/div>\n\t\t\t\t<\/div>\n\t\t\t\t<\/div>\n\t\t\t\t\t<\/div>\n\t\t<\/div>\n\t\t\t\t\t\t\t<\/div>\n\t\t<\/section>\n\t\t\t\t\t\t<\/div>\n\t\t\t\t\t<\/div>","protected":false},"excerpt":{"rendered":"<p>About Ellak Connections About the company Ellak Connections LLC is the result of many years of effort and dedication in the interpretation and translation area.&hellip;<\/p>","protected":false},"author":2,"featured_media":0,"parent":0,"menu_order":0,"comment_status":"closed","ping_status":"closed","template":"","meta":{"footnotes":""},"class_list":["post-462","page","type-page","status-publish","hentry"],"yoast_head":"<!-- This site is optimized with the Yoast SEO plugin v21.7 - https:\/\/yoast.com\/wordpress\/plugins\/seo\/ -->\n<title>About - Ellak Connections LLC<\/title>\n<meta name=\"robots\" content=\"index, follow, max-snippet:-1, max-image-preview:large, max-video-preview:-1\" \/>\n<link rel=\"canonical\" href=\"https:\/\/ellakconnectionsllc.com\/es\/about\/\" \/>\n<meta property=\"og:locale\" content=\"es_ES\" \/>\n<meta property=\"og:type\" content=\"article\" \/>\n<meta property=\"og:title\" content=\"About - Ellak Connections LLC\" \/>\n<meta property=\"og:description\" content=\"About Ellak Connections About the company Ellak Connections LLC is the result of many years of effort and dedication in the interpretation and translation area.&hellip;\" \/>\n<meta property=\"og:url\" content=\"https:\/\/ellakconnectionsllc.com\/es\/about\/\" \/>\n<meta property=\"og:site_name\" content=\"Ellak Connections LLC\" \/>\n<meta property=\"article:modified_time\" content=\"2021-05-03T19:46:07+00:00\" \/>\n<meta property=\"og:image\" content=\"https:\/\/ellakconnectionsllc.com\/wp-content\/uploads\/2021\/04\/1595607850232.jpg\" \/>\n<meta name=\"twitter:card\" content=\"summary_large_image\" \/>\n<meta name=\"twitter:label1\" content=\"Tiempo de lectura\" \/>\n\t<meta name=\"twitter:data1\" content=\"2 minutos\" \/>\n<script type=\"application\/ld+json\" class=\"yoast-schema-graph\">{\"@context\":\"https:\/\/schema.org\",\"@graph\":[{\"@type\":\"WebPage\",\"@id\":\"https:\/\/ellakconnectionsllc.com\/about\/\",\"url\":\"https:\/\/ellakconnectionsllc.com\/about\/\",\"name\":\"About - Ellak Connections LLC\",\"isPartOf\":{\"@id\":\"https:\/\/ellakconnectionsllc.com\/#website\"},\"datePublished\":\"2018-03-30T03:13:43+00:00\",\"dateModified\":\"2021-05-03T19:46:07+00:00\",\"breadcrumb\":{\"@id\":\"https:\/\/ellakconnectionsllc.com\/about\/#breadcrumb\"},\"inLanguage\":\"es\",\"potentialAction\":[{\"@type\":\"ReadAction\",\"target\":[\"https:\/\/ellakconnectionsllc.com\/about\/\"]}]},{\"@type\":\"BreadcrumbList\",\"@id\":\"https:\/\/ellakconnectionsllc.com\/about\/#breadcrumb\",\"itemListElement\":[{\"@type\":\"ListItem\",\"position\":1,\"name\":\"Home\",\"item\":\"https:\/\/ellakconnectionsllc.com\/\"},{\"@type\":\"ListItem\",\"position\":2,\"name\":\"About\"}]},{\"@type\":\"WebSite\",\"@id\":\"https:\/\/ellakconnectionsllc.com\/#website\",\"url\":\"https:\/\/ellakconnectionsllc.com\/\",\"name\":\"Ellak Connections LLC\",\"description\":\"Translation and interpretation services in Spanish and English\",\"publisher\":{\"@id\":\"https:\/\/ellakconnectionsllc.com\/#organization\"},\"potentialAction\":[{\"@type\":\"SearchAction\",\"target\":{\"@type\":\"EntryPoint\",\"urlTemplate\":\"https:\/\/ellakconnectionsllc.com\/?s={search_term_string}\"},\"query-input\":\"required name=search_term_string\"}],\"inLanguage\":\"es\"},{\"@type\":\"Organization\",\"@id\":\"https:\/\/ellakconnectionsllc.com\/#organization\",\"name\":\"Ellak Connections LLC\",\"url\":\"https:\/\/ellakconnectionsllc.com\/\",\"logo\":{\"@type\":\"ImageObject\",\"inLanguage\":\"es\",\"@id\":\"https:\/\/ellakconnectionsllc.com\/#\/schema\/logo\/image\/\",\"url\":\"https:\/\/ellakconnectionsllc.com\/wp-content\/uploads\/2021\/03\/cropped-LogoEllakPNG.png\",\"contentUrl\":\"https:\/\/ellakconnectionsllc.com\/wp-content\/uploads\/2021\/03\/cropped-LogoEllakPNG.png\",\"width\":2733,\"height\":1085,\"caption\":\"Ellak Connections LLC\"},\"image\":{\"@id\":\"https:\/\/ellakconnectionsllc.com\/#\/schema\/logo\/image\/\"},\"sameAs\":[\"https:\/\/www.linkedin.com\/in\/ella-khan-0a524434\"]}]}<\/script>\n<!-- \/ Yoast SEO plugin. -->","yoast_head_json":{"title":"About - Ellak Connections LLC","robots":{"index":"index","follow":"follow","max-snippet":"max-snippet:-1","max-image-preview":"max-image-preview:large","max-video-preview":"max-video-preview:-1"},"canonical":"https:\/\/ellakconnectionsllc.com\/es\/about\/","og_locale":"es_ES","og_type":"article","og_title":"About - Ellak Connections LLC","og_description":"About Ellak Connections About the company Ellak Connections LLC is the result of many years of effort and dedication in the interpretation and translation area.&hellip;","og_url":"https:\/\/ellakconnectionsllc.com\/es\/about\/","og_site_name":"Ellak Connections LLC","article_modified_time":"2021-05-03T19:46:07+00:00","og_image":[{"url":"https:\/\/ellakconnectionsllc.com\/wp-content\/uploads\/2021\/04\/1595607850232.jpg"}],"twitter_card":"summary_large_image","twitter_misc":{"Tiempo de lectura":"2 minutos"},"schema":{"@context":"https:\/\/schema.org","@graph":[{"@type":"WebPage","@id":"https:\/\/ellakconnectionsllc.com\/about\/","url":"https:\/\/ellakconnectionsllc.com\/about\/","name":"About - Ellak Connections LLC","isPartOf":{"@id":"https:\/\/ellakconnectionsllc.com\/#website"},"datePublished":"2018-03-30T03:13:43+00:00","dateModified":"2021-05-03T19:46:07+00:00","breadcrumb":{"@id":"https:\/\/ellakconnectionsllc.com\/about\/#breadcrumb"},"inLanguage":"es","potentialAction":[{"@type":"ReadAction","target":["https:\/\/ellakconnectionsllc.com\/about\/"]}]},{"@type":"BreadcrumbList","@id":"https:\/\/ellakconnectionsllc.com\/about\/#breadcrumb","itemListElement":[{"@type":"ListItem","position":1,"name":"Home","item":"https:\/\/ellakconnectionsllc.com\/"},{"@type":"ListItem","position":2,"name":"About"}]},{"@type":"WebSite","@id":"https:\/\/ellakconnectionsllc.com\/#website","url":"https:\/\/ellakconnectionsllc.com\/","name":"Ellak Connections LLC","description":"Translation and interpretation services in Spanish and English","publisher":{"@id":"https:\/\/ellakconnectionsllc.com\/#organization"},"potentialAction":[{"@type":"SearchAction","target":{"@type":"EntryPoint","urlTemplate":"https:\/\/ellakconnectionsllc.com\/?s={search_term_string}"},"query-input":"required name=search_term_string"}],"inLanguage":"es"},{"@type":"Organization","@id":"https:\/\/ellakconnectionsllc.com\/#organization","name":"Ellak Connections LLC","url":"https:\/\/ellakconnectionsllc.com\/","logo":{"@type":"ImageObject","inLanguage":"es","@id":"https:\/\/ellakconnectionsllc.com\/#\/schema\/logo\/image\/","url":"https:\/\/ellakconnectionsllc.com\/wp-content\/uploads\/2021\/03\/cropped-LogoEllakPNG.png","contentUrl":"https:\/\/ellakconnectionsllc.com\/wp-content\/uploads\/2021\/03\/cropped-LogoEllakPNG.png","width":2733,"height":1085,"caption":"Ellak Connections LLC"},"image":{"@id":"https:\/\/ellakconnectionsllc.com\/#\/schema\/logo\/image\/"},"sameAs":["https:\/\/www.linkedin.com\/in\/ella-khan-0a524434"]}]}},"_links":{"self":[{"href":"https:\/\/ellakconnectionsllc.com\/es\/wp-json\/wp\/v2\/pages\/462","targetHints":{"allow":["GET"]}}],"collection":[{"href":"https:\/\/ellakconnectionsllc.com\/es\/wp-json\/wp\/v2\/pages"}],"about":[{"href":"https:\/\/ellakconnectionsllc.com\/es\/wp-json\/wp\/v2\/types\/page"}],"author":[{"embeddable":true,"href":"https:\/\/ellakconnectionsllc.com\/es\/wp-json\/wp\/v2\/users\/2"}],"replies":[{"embeddable":true,"href":"https:\/\/ellakconnectionsllc.com\/es\/wp-json\/wp\/v2\/comments?post=462"}],"version-history":[{"count":70,"href":"https:\/\/ellakconnectionsllc.com\/es\/wp-json\/wp\/v2\/pages\/462\/revisions"}],"predecessor-version":[{"id":802,"href":"https:\/\/ellakconnectionsllc.com\/es\/wp-json\/wp\/v2\/pages\/462\/revisions\/802"}],"wp:attachment":[{"href":"https:\/\/ellakconnectionsllc.com\/es\/wp-json\/wp\/v2\/media?parent=462"}],"curies":[{"name":"wp","href":"https:\/\/api.w.org\/{rel}","templated":true}]}}